{"id":3103,"date":"2023-03-31T16:06:30","date_gmt":"2023-03-31T14:06:30","guid":{"rendered":"https:\/\/www.auffuellbar.ch\/?page_id=3103"},"modified":"2024-01-02T12:16:31","modified_gmt":"2024-01-02T11:16:31","slug":"anmeldung_lunch","status":"publish","type":"page","link":"https:\/\/www.auffuellbar.ch\/?page_id=3103","title":{"rendered":"Anmeldung Lunch"},"content":{"rendered":"\t\t<div data-elementor-type=\"wp-post\" data-elementor-id=\"3103\" class=\"elementor elementor-3103\">\n\t\t\t\t\t\t<section class=\"elementor-section elementor-top-section elementor-element elementor-element-a1de3e1 elementor-section-boxed elementor-section-height-default elementor-section-height-default\" data-id=\"a1de3e1\" data-element_type=\"section\" data-e-type=\"section\">\n\t\t\t\t\t\t<div class=\"elementor-container elementor-column-gap-default\">\n\t\t\t\t\t<div class=\"elementor-column elementor-col-100 elementor-top-column elementor-element elementor-element-a2387bb\" data-id=\"a2387bb\" data-element_type=\"column\" data-e-type=\"column\">\n\t\t\t<div class=\"elementor-widget-wrap elementor-element-populated\">\n\t\t\t\t\t\t<div class=\"elementor-element elementor-element-eb6e37b elementor-widget elementor-widget-text-editor\" data-id=\"eb6e37b\" data-element_type=\"widget\" data-e-type=\"widget\" data-widget_type=\"text-editor.default\">\n\t\t\t\t<div class=\"elementor-widget-container\">\n\t\t\t\t\t\t\t\t\t<div id=\"elementor-tab-content-4511\" class=\"elementor-tab-content elementor-clearfix elementor-active\" style=\"display: block;\" role=\"tabpanel\" data-tab=\"1\" aria-labelledby=\"elementor-tab-title-4511\"><div id=\"elementor-tab-content-4511\" class=\"elementor-tab-content elementor-clearfix elementor-active\" role=\"tabpanel\" data-tab=\"1\" aria-labelledby=\"elementor-tab-title-4511\"><p style=\"text-align: center;\">Roberta Schibli von <a href=\"https:\/\/rubyscafe.ch\/\">Ruby\u2019s Caf\u00e9 Othmarsingen<\/a> tischt in der Auff\u00fcllbar schmackhafte aram\u00e4ische Spezialit\u00e4ten auf. Leckereien wie Pide, Birjani Reis mit Cashewn\u00fcssen &amp; Rosinen, frische abwechselnde Salate und Couscous Salat, Gem\u00fcse- und Linseneint\u00f6pfe, Dips, wie Hummus, Datteldip, Tsatsiki, Baba Ghannouche oder Karottendip stehen in immer wechselnden Kombinationen zur Auswahl.<\/p><p>Das vegetarisch\/vegane Buffet gibt es jeden Mittwoch von 11:45 bis 13:15 Uhr bei uns in der Auff\u00fcllbar.\u00a0<\/p><p style=\"text-align: center;\">Wir freuen uns sehr \u00fcber die Zusammenarbeit mit Ruby und euren Besuch! Um die Planung zu vereinfachen und vorallem Foodwaste zu vermeiden sind wir dankbar um eine Reservation bis am Vorabend. Selbstverst\u00e4ndlich versuchen wir aber auch spontanen G\u00e4sten einen Platz anzubieten.<\/p><\/div><\/div>\t\t\t\t\t\t\t\t<\/div>\n\t\t\t\t<\/div>\n\t\t\t\t\t<\/div>\n\t\t<\/div>\n\t\t\t\t\t<\/div>\n\t\t<\/section>\n\t\t\t\t<section class=\"elementor-section elementor-top-section elementor-element elementor-element-fd521b7 elementor-section-boxed elementor-section-height-default elementor-section-height-default\" data-id=\"fd521b7\" data-element_type=\"section\" data-e-type=\"section\">\n\t\t\t\t\t\t<div class=\"elementor-container elementor-column-gap-default\">\n\t\t\t\t\t<div class=\"elementor-column elementor-col-100 elementor-top-column elementor-element elementor-element-b79e524\" data-id=\"b79e524\" data-element_type=\"column\" data-e-type=\"column\">\n\t\t\t<div class=\"elementor-widget-wrap elementor-element-populated\">\n\t\t\t\t\t\t<div class=\"elementor-element elementor-element-2a7f008 elementor-widget elementor-widget-shortcode\" data-id=\"2a7f008\" data-element_type=\"widget\" data-e-type=\"widget\" data-widget_type=\"shortcode.default\">\n\t\t\t\t<div class=\"elementor-widget-container\">\n\t\t\t\t\t\t\t<div class=\"elementor-shortcode\">\n<div class=\"wpcf7 no-js\" id=\"wpcf7-f3041-o1\" lang=\"en-US\" dir=\"ltr\" data-wpcf7-id=\"3041\">\n<div class=\"screen-reader-response\"><p role=\"status\" aria-live=\"polite\" aria-atomic=\"true\"><\/p> <ul><\/ul><\/div>\n<form action=\"\/index.php?rest_route=%2Fwp%2Fv2%2Fpages%2F3103#wpcf7-f3041-o1\" method=\"post\" class=\"wpcf7-form init\" aria-label=\"Contact form\" novalidate=\"novalidate\" data-status=\"init\">\n<fieldset class=\"hidden-fields-container\"><input type=\"hidden\" name=\"_wpcf7\" value=\"3041\" \/><input type=\"hidden\" name=\"_wpcf7_version\" value=\"6.1.5\" \/><input type=\"hidden\" name=\"_wpcf7_locale\" value=\"en_US\" \/><input type=\"hidden\" name=\"_wpcf7_unit_tag\" value=\"wpcf7-f3041-o1\" \/><input type=\"hidden\" name=\"_wpcf7_container_post\" value=\"0\" \/><input type=\"hidden\" name=\"_wpcf7_posted_data_hash\" value=\"\" \/><input type=\"hidden\" name=\"_wpcf7_recaptcha_response\" value=\"\" \/>\n<\/fieldset>\n<p><span id=\"wpcf7-69d0bf6a57ee5-wrapper\" class=\"wpcf7-form-control-wrap client-email-wrap\" style=\"display:none !important; visibility:hidden !important;\"><label for=\"wpcf7-69d0bf6a57ee5-field\" class=\"hp-message\">Please leave this field empty.<\/label><input id=\"wpcf7-69d0bf6a57ee5-field\"  class=\"wpcf7-form-control wpcf7-text\" type=\"text\" name=\"client-email\" value=\"\" size=\"40\" tabindex=\"-1\" autocomplete=\"new-password\" \/><\/span>\n<\/p>\n<div class=\"row reserve-holder\">\n\t<div class=\"col-md-4\">\n\t\t<p><label> Vorname*<\/label><span class=\"wpcf7-form-control-wrap\" data-name=\"your-firstname\"><input size=\"40\" maxlength=\"400\" class=\"wpcf7-form-control wpcf7-text wpcf7-validates-as-required comm-field\" aria-required=\"true\" aria-invalid=\"false\" value=\"\" type=\"text\" name=\"your-firstname\" \/><\/span>\n\t\t<\/p>\n\t<\/div>\n\t<div class=\"col-md-4\">\n\t\t<p><label> Nachname*<\/label><span class=\"wpcf7-form-control-wrap\" data-name=\"your-name\"><input size=\"40\" maxlength=\"400\" class=\"wpcf7-form-control wpcf7-text wpcf7-validates-as-required comm-field\" aria-required=\"true\" aria-invalid=\"false\" value=\"\" type=\"text\" name=\"your-name\" \/><\/span>\n\t\t<\/p>\n\t<\/div>\n\t<div class=\"col-md-4\">\n\t\t<p><label> Email* <\/label><span class=\"wpcf7-form-control-wrap\" data-name=\"your-email\"><input size=\"40\" maxlength=\"400\" class=\"wpcf7-form-control wpcf7-email wpcf7-validates-as-required wpcf7-text wpcf7-validates-as-email comm-field\" aria-required=\"true\" aria-invalid=\"false\" value=\"\" type=\"email\" name=\"your-email\" \/><\/span>\n\t\t<\/p>\n\t<\/div>\n<\/div>\n<div class=\"row reserve-holder\">\n\t<div class=\"col-md-4\">\n\t\t<p><label> Telefon*<\/label><span class=\"wpcf7-form-control-wrap\" data-name=\"your-phone\"><input size=\"40\" maxlength=\"400\" class=\"wpcf7-form-control wpcf7-text wpcf7-validates-as-required comm-field\" aria-required=\"true\" aria-invalid=\"false\" value=\"\" type=\"text\" name=\"your-phone\" \/><\/span>\n\t\t<\/p>\n\t<\/div>\n\t<div class=\"col-md-4\">\n\t\t<p><label> Tag*<\/label><span class=\"wpcf7-form-control-wrap\" data-name=\"your-day\"><select class=\"wpcf7-form-control wpcf7-select wpcf7-validates-as-required comm-field\" aria-required=\"true\" aria-invalid=\"false\" name=\"your-day\"><option value=\"\">&#8212;Please choose an option&#8212;<\/option><option value=\"Mittwoch, 17.04.2024\">Mittwoch, 17.04.2024<\/option><option value=\"Mittwoch, 24.04.2024\">Mittwoch, 24.04.2024<\/option><\/select><\/span>\n\t\t<\/p>\n\t<\/div>\n\t<div class=\"col-md-4\">\n\t\t<p><label> Zeit<\/label><span class=\"wpcf7-form-control-wrap\" data-name=\"your-time\"><input size=\"40\" maxlength=\"400\" class=\"wpcf7-form-control wpcf7-text comm-field\" aria-invalid=\"false\" value=\"\" type=\"text\" name=\"your-time\" \/><\/span>\n\t\t<\/p>\n\t<\/div>\n\t<div class=\"col-md-4\">\n\t\t<p><label> Anzal Personen*<\/label><span class=\"wpcf7-form-control-wrap\" data-name=\"your-seats\"><select class=\"wpcf7-form-control wpcf7-select wpcf7-validates-as-required comm-field\" aria-required=\"true\" aria-invalid=\"false\" name=\"your-seats\"><option value=\"\">&#8212;Please choose an option&#8212;<\/option><option value=\"1\">1<\/option><option value=\"2\">2<\/option><option value=\"3\">3<\/option><option value=\"4\">4<\/option><option value=\"5\">5<\/option><option value=\"6\">6<\/option><option value=\"7\">7<\/option><option value=\"8\">8<\/option><option value=\"9\">9<\/option><option value=\"10\">10<\/option><option value=\"11\">11<\/option><option value=\"12\">12<\/option><option value=\"13\">13<\/option><option value=\"14\">14<\/option><\/select><\/span>\n\t\t<\/p>\n\t<\/div>\n<\/div>\n<p><label> Bemerkungen<\/label><span class=\"wpcf7-form-control-wrap\" data-name=\"your-message\"><textarea cols=\"40\" rows=\"4\" maxlength=\"2000\" class=\"wpcf7-form-control wpcf7-textarea\" id=\"msg-contact\" aria-invalid=\"false\" name=\"your-message\"><\/textarea><\/span>\n<\/p>\n<p class=\"alignc\"><input class=\"wpcf7-form-control wpcf7-submit has-spinner\" type=\"submit\" value=\"Reservieren\" \/>\n<\/p><p style=\"display: none !important;\" class=\"akismet-fields-container\" data-prefix=\"_wpcf7_ak_\"><label>&#916;<textarea name=\"_wpcf7_ak_hp_textarea\" cols=\"45\" rows=\"8\" maxlength=\"100\"><\/textarea><\/label><input type=\"hidden\" id=\"ak_js_1\" name=\"_wpcf7_ak_js\" value=\"32\"\/><script>document.getElementById( \"ak_js_1\" ).setAttribute( \"value\", ( new Date() ).getTime() );<\/script><\/p><div class=\"wpcf7-response-output\" aria-hidden=\"true\"><\/div>\n<\/form>\n<\/div>\n<\/div>\n\t\t\t\t\t\t<\/div>\n\t\t\t\t<\/div>\n\t\t\t\t\t<\/div>\n\t\t<\/div>\n\t\t\t\t\t<\/div>\n\t\t<\/section>\n\t\t\t\t<\/div>\n\t\t","protected":false},"excerpt":{"rendered":"<p>Roberta Schibli von Ruby\u2019s Caf\u00e9 Othmarsingen tischt in der Auff\u00fcllbar schmackhafte aram\u00e4ische Spezialit\u00e4ten auf. Leckereien wie Pide, Birjani Reis mit Cashewn\u00fcssen &amp; Rosinen, frische abwechselnde Salate und Couscous Salat, Gem\u00fcse- und Linseneint\u00f6pfe, Dips, wie Hummus, Datteldip, Tsatsiki, Baba Ghannouche oder Karottendip stehen in immer wechselnden Kombinationen zur Auswahl. Das vegetarisch\/vegane Buffet gibt es jeden Mittwoch von 11:45 bis 13:15 Uhr&#8230;<\/p>\n","protected":false},"author":1,"featured_media":3036,"parent":0,"menu_order":0,"comment_status":"closed","ping_status":"closed","template":"my-templates\/template-fullscreen.php","meta":{"_acf_changed":false,"footnotes":""},"class_list":["post-3103","page","type-page","status-publish","has-post-thumbnail","hentry"],"acf":[],"_links":{"self":[{"href":"https:\/\/www.auffuellbar.ch\/index.php?rest_route=\/wp\/v2\/pages\/3103","targetHints":{"allow":["GET"]}}],"collection":[{"href":"https:\/\/www.auffuellbar.ch\/index.php?rest_route=\/wp\/v2\/pages"}],"about":[{"href":"https:\/\/www.auffuellbar.ch\/index.php?rest_route=\/wp\/v2\/types\/page"}],"author":[{"embeddable":true,"href":"https:\/\/www.auffuellbar.ch\/index.php?rest_route=\/wp\/v2\/users\/1"}],"replies":[{"embeddable":true,"href":"https:\/\/www.auffuellbar.ch\/index.php?rest_route=%2Fwp%2Fv2%2Fcomments&post=3103"}],"version-history":[{"count":26,"href":"https:\/\/www.auffuellbar.ch\/index.php?rest_route=\/wp\/v2\/pages\/3103\/revisions"}],"predecessor-version":[{"id":3660,"href":"https:\/\/www.auffuellbar.ch\/index.php?rest_route=\/wp\/v2\/pages\/3103\/revisions\/3660"}],"wp:featuredmedia":[{"embeddable":true,"href":"https:\/\/www.auffuellbar.ch\/index.php?rest_route=\/wp\/v2\/media\/3036"}],"wp:attachment":[{"href":"https:\/\/www.auffuellbar.ch\/index.php?rest_route=%2Fwp%2Fv2%2Fmedia&parent=3103"}],"curies":[{"name":"wp","href":"https:\/\/api.w.org\/{rel}","templated":true}]}}